{"id":49,"date":"2026-04-10T15:53:07","date_gmt":"2026-04-10T15:53:07","guid":{"rendered":"http:\/\/topdistribuidora.com.br\/?page_id=49"},"modified":"2026-04-10T18:58:21","modified_gmt":"2026-04-10T18:58:21","slug":"a-historia","status":"publish","type":"page","link":"https:\/\/topdistribuidora.com.br\/","title":{"rendered":"A hist\u00f3ria"},"content":{"rendered":"\n<div class=\"wp-block-columns is-layout-flex wp-container-core-columns-is-layout-9d6595d7 wp-block-columns-is-layout-flex\">\n<div class=\"wp-block-column is-layout-flow wp-block-column-is-layout-flow\" style=\"flex-basis:25%\">\n<p class=\"has-text-align-center\">Nossa estrutura atual abrange uma<br>\u00e1rea de 6.480 m\u00b2, distribu\u00edda entre<br>barrac\u00f5es destinados ao<br>armazenamento de uma variedade de<br>produtos dispostos de forma empilhada<br>e paletizada, com segmenta\u00e7\u00e3o entre os<br>setores de alimenta\u00e7\u00e3o e cosm\u00e9ticos.<br>Al\u00e9m disso, dispomos de 14 carretas<br>para coletas em ind\u00fastrias, todas<br>mantidas em excelente estado de<br>higiene e operadas por motoristas<br>altamente qualificados.<\/p>\n<\/div>\n\n\n\n<div class=\"wp-block-column is-layout-flow wp-block-column-is-layout-flow\" style=\"flex-basis:50%\">\n<figure class=\"wp-block-image size-large\"><img loading=\"lazy\" decoding=\"async\" width=\"1024\" height=\"466\" src=\"http:\/\/topdistribuidora.com.br\/wp-content\/uploads\/2026\/04\/carretaa-1024x466.jpg\" alt=\"\" class=\"wp-image-52\" srcset=\"https:\/\/topdistribuidora.com.br\/wp-content\/uploads\/2026\/04\/carretaa-1024x466.jpg 1024w, https:\/\/topdistribuidora.com.br\/wp-content\/uploads\/2026\/04\/carretaa-300x136.jpg 300w, https:\/\/topdistribuidora.com.br\/wp-content\/uploads\/2026\/04\/carretaa-768x349.jpg 768w, https:\/\/topdistribuidora.com.br\/wp-content\/uploads\/2026\/04\/carretaa-1200x546.jpg 1200w, https:\/\/topdistribuidora.com.br\/wp-content\/uploads\/2026\/04\/carretaa.jpg 1280w\" sizes=\"auto, (max-width: 1024px) 100vw, 1024px\" \/><\/figure>\n\n\n\n<figure class=\"wp-block-image size-large\"><img loading=\"lazy\" decoding=\"async\" width=\"1024\" height=\"768\" src=\"http:\/\/topdistribuidora.com.br\/wp-content\/uploads\/2026\/04\/carretass-1024x768.jpg\" alt=\"\" class=\"wp-image-53\" srcset=\"https:\/\/topdistribuidora.com.br\/wp-content\/uploads\/2026\/04\/carretass-1024x768.jpg 1024w, https:\/\/topdistribuidora.com.br\/wp-content\/uploads\/2026\/04\/carretass-300x225.jpg 300w, https:\/\/topdistribuidora.com.br\/wp-content\/uploads\/2026\/04\/carretass-768x576.jpg 768w, https:\/\/topdistribuidora.com.br\/wp-content\/uploads\/2026\/04\/carretass-1200x900.jpg 1200w, https:\/\/topdistribuidora.com.br\/wp-content\/uploads\/2026\/04\/carretass.jpg 1280w\" sizes=\"auto, (max-width: 1024px) 100vw, 1024px\" \/><\/figure>\n\n\n\n<figure class=\"wp-block-image size-large\"><img loading=\"lazy\" decoding=\"async\" width=\"953\" height=\"1024\" src=\"http:\/\/topdistribuidora.com.br\/wp-content\/uploads\/2026\/04\/SLJ-8J49-FRENTE-TOP.jpeg\" alt=\"\" class=\"wp-image-54\" srcset=\"https:\/\/topdistribuidora.com.br\/wp-content\/uploads\/2026\/04\/SLJ-8J49-FRENTE-TOP.jpeg 953w, https:\/\/topdistribuidora.com.br\/wp-content\/uploads\/2026\/04\/SLJ-8J49-FRENTE-TOP-279x300.jpeg 279w, https:\/\/topdistribuidora.com.br\/wp-content\/uploads\/2026\/04\/SLJ-8J49-FRENTE-TOP-768x825.jpeg 768w\" sizes=\"auto, (max-width: 953px) 100vw, 953px\" \/><\/figure>\n\n\n\n<figure class=\"wp-block-image size-large\"><img loading=\"lazy\" decoding=\"async\" width=\"1280\" height=\"960\" src=\"http:\/\/topdistribuidora.com.br\/wp-content\/uploads\/2026\/04\/carros.jpeg\" alt=\"\" class=\"wp-image-56\" srcset=\"https:\/\/topdistribuidora.com.br\/wp-content\/uploads\/2026\/04\/carros.jpeg 1280w, https:\/\/topdistribuidora.com.br\/wp-content\/uploads\/2026\/04\/carros-300x225.jpeg 300w, https:\/\/topdistribuidora.com.br\/wp-content\/uploads\/2026\/04\/carros-1024x768.jpeg 1024w, https:\/\/topdistribuidora.com.br\/wp-content\/uploads\/2026\/04\/carros-768x576.jpeg 768w, https:\/\/topdistribuidora.com.br\/wp-content\/uploads\/2026\/04\/carros-1200x900.jpeg 1200w\" sizes=\"auto, (max-width: 1280px) 100vw, 1280px\" \/><\/figure>\n<\/div>\n\n\n\n<div class=\"wp-block-column is-layout-flow wp-block-column-is-layout-flow\"><\/div>\n\n\n\n<div class=\"wp-block-column is-layout-flow wp-block-column-is-layout-flow\" style=\"flex-basis:25%\">\n<p class=\"has-text-align-center\">Atualmente atendemos todo o estado de Rond\u00f4nia eAmazonas, tendo vendedores para cada regi\u00e3o, separadopor rotas, facilitando, priorizando e diferenciando oatendimento aos nossos clientes. Contamos ainda com nossa pr\u00f3pria frota de caminh\u00f5espara entrega estadual e interestadual, agilizando aindamais a chegada dos produtos ao cliente econsequentemente ao consumidor.<\/p>\n<\/div>\n<\/div>\n","protected":false},"excerpt":{"rendered":"<p>Nossa estrutura atual abrange uma\u00e1rea de 6.480 m\u00b2, distribu\u00edda entrebarrac\u00f5es destinados aoarmazenamento de uma variedade deprodutos dispostos de forma empilhadae paletizada, com segmenta\u00e7\u00e3o entre ossetores de alimenta\u00e7\u00e3o e cosm\u00e9ticos.Al\u00e9m disso, dispomos de 14 carretaspara coletas em ind\u00fastrias, todasmantidas em excelente estado dehigiene e operadas por motoristasaltamente qualificados. Atualmente atendemos todo o estado de Rond\u00f4nia eAmazonas, [&hellip;]<\/p>\n","protected":false},"author":1,"featured_media":0,"parent":0,"menu_order":0,"comment_status":"closed","ping_status":"closed","template":"","meta":{"footnotes":""},"class_list":["post-49","page","type-page","status-publish","hentry"],"_links":{"self":[{"href":"https:\/\/topdistribuidora.com.br\/index.php?rest_route=\/wp\/v2\/pages\/49","targetHints":{"allow":["GET"]}}],"collection":[{"href":"https:\/\/topdistribuidora.com.br\/index.php?rest_route=\/wp\/v2\/pages"}],"about":[{"href":"https:\/\/topdistribuidora.com.br\/index.php?rest_route=\/wp\/v2\/types\/page"}],"author":[{"embeddable":true,"href":"https:\/\/topdistribuidora.com.br\/index.php?rest_route=\/wp\/v2\/users\/1"}],"replies":[{"embeddable":true,"href":"https:\/\/topdistribuidora.com.br\/index.php?rest_route=%2Fwp%2Fv2%2Fcomments&post=49"}],"version-history":[{"count":3,"href":"https:\/\/topdistribuidora.com.br\/index.php?rest_route=\/wp\/v2\/pages\/49\/revisions"}],"predecessor-version":[{"id":57,"href":"https:\/\/topdistribuidora.com.br\/index.php?rest_route=\/wp\/v2\/pages\/49\/revisions\/57"}],"wp:attachment":[{"href":"https:\/\/topdistribuidora.com.br\/index.php?rest_route=%2Fwp%2Fv2%2Fmedia&parent=49"}],"curies":[{"name":"wp","href":"https:\/\/api.w.org\/{rel}","templated":true}]}}